{"id":9998,"date":"2024-07-03T12:58:39","date_gmt":"2024-07-03T12:58:39","guid":{"rendered":"https:\/\/multifrigo.pl\/sklep\/produkt\/stol-chlodniczy-2-drzwiowy-do-pizzy-v-240-l-stalgast-833029\/"},"modified":"2025-05-19T12:46:23","modified_gmt":"2025-05-19T12:46:23","slug":"stol-chlodniczy-2-drzwiowy-do-pizzy-v-240-l-stalgast-833029","status":"publish","type":"product","link":"https:\/\/www.multifrigo.pl\/sklep\/produkt\/stol-chlodniczy-2-drzwiowy-do-pizzy-v-240-l-stalgast-833029\/","title":{"rendered":"St\u00f3\u0142 ch\u0142odniczy 2 drzwiowy do pizzy, V 240 l | Stalgast 833029"},"content":{"rendered":"<p><LI>obudowa i wn\u0119trze wykonana ze stali nierdzewnej  <LI>dynamiczny obieg powietrza  <LI>elektroniczny sterownik z wy\u015bwietlaczem temperatury  <LI>filtr przeciwpy\u0142kowy  <LI>samodomykaj\u0105ce si\u0119 drzwi z blokad\u0105  <LI>komora w standardzie GN 1\/1  <LI>2 ruszty z prowadnicami w komplecie  <LI>funkcja automatycznego i r\u0119cznego odszraniania  <LI>pojemno\u015b\u0107 nadstawki 5 x GN 1\/6 (max. 150 mm)  <LI>grubo\u015b\u0107 izolacji ~35mm  <LI>blat na wysoko\u015bci 860 mm  <\/p>\n","protected":false},"excerpt":{"rendered":"<p>obudowa i wn\u0119trze wykonana ze stali nierdzewnej dynamiczny obieg powietrza elektroniczny sterownik z wy\u015bwietlaczem temperatury filtr przeciwpy\u0142kowy samodomykaj\u0105ce si\u0119 drzwi z blokad\u0105 komora w standardzie GN 1\/1 2 ruszty z prowadnicami w komplecie funkcja automatycznego i r\u0119cznego odszraniania pojemno\u015b\u0107 nadstawki 5 x GN 1\/6 (max. 150 mm) grubo\u015b\u0107 izolacji ~35mm blat na wysoko\u015bci 860 mm<\/p>\n","protected":false},"featured_media":16514,"template":"","meta":{"_et_pb_use_builder":"","_et_pb_old_content":"","_et_gb_content_width":""},"pwb-brand":[62],"product_brand":[],"product_cat":[525],"product_tag":[],"class_list":{"0":"post-9998","1":"product","2":"type-product","3":"status-publish","4":"has-post-thumbnail","6":"pwb-brand-stalgast","7":"product_cat-stoly-chlodnicze-do-pizzy","9":"first","10":"instock","11":"taxable","12":"shipping-taxable","13":"purchasable","14":"product-type-simple"},"brands":[{"id":62,"name":"Stalgast","slug":"stalgast"}],"_links":{"self":[{"href":"https:\/\/www.multifrigo.pl\/sklep\/wp-json\/wp\/v2\/product\/9998","targetHints":{"allow":["GET"]}}],"collection":[{"href":"https:\/\/www.multifrigo.pl\/sklep\/wp-json\/wp\/v2\/product"}],"about":[{"href":"https:\/\/www.multifrigo.pl\/sklep\/wp-json\/wp\/v2\/types\/product"}],"wp:featuredmedia":[{"embeddable":true,"href":"https:\/\/www.multifrigo.pl\/sklep\/wp-json\/wp\/v2\/media\/16514"}],"wp:attachment":[{"href":"https:\/\/www.multifrigo.pl\/sklep\/wp-json\/wp\/v2\/media?parent=9998"}],"wp:term":[{"taxonomy":"pwb-brand","embeddable":true,"href":"https:\/\/www.multifrigo.pl\/sklep\/wp-json\/wp\/v2\/pwb-brand?post=9998"},{"taxonomy":"product_brand","embeddable":true,"href":"https:\/\/www.multifrigo.pl\/sklep\/wp-json\/wp\/v2\/product_brand?post=9998"},{"taxonomy":"product_cat","embeddable":true,"href":"https:\/\/www.multifrigo.pl\/sklep\/wp-json\/wp\/v2\/product_cat?post=9998"},{"taxonomy":"product_tag","embeddable":true,"href":"https:\/\/www.multifrigo.pl\/sklep\/wp-json\/wp\/v2\/product_tag?post=9998"}],"curies":[{"name":"wp","href":"https:\/\/api.w.org\/{rel}","templated":true}]}}